{"id":7602,"date":"2026-05-05T12:32:18","date_gmt":"2026-05-05T10:32:18","guid":{"rendered":"https:\/\/skolkagorkehokm.cz\/?page_id=7602"},"modified":"2026-05-05T14:47:11","modified_gmt":"2026-05-05T12:47:11","slug":"povinne-zverejnovane-informace","status":"publish","type":"page","link":"https:\/\/skolkagorkehokm.cz\/en\/povinne-zverejnovane-informace\/","title":{"rendered":"Povinn\u011b zve\u0159ej\u0148ovan\u00e9 informace"},"content":{"rendered":"<div data-elementor-type=\"wp-page\" data-elementor-id=\"7602\" class=\"elementor elementor-7602\" data-elementor-post-type=\"page\">\n\t\t\t\t\t\t<section class=\"elementor-section elementor-top-section elementor-element elementor-element-432b78d2 elementor-section-boxed elementor-section-height-default elementor-section-height-default\" data-id=\"432b78d2\" data-element_type=\"section\">\n\t\t\t\t\t\t<div class=\"elementor-container elementor-column-gap-default\">\n\t\t\t\t\t<div class=\"elementor-column elementor-col-100 elementor-top-column elementor-element elementor-element-37d9b376\" data-id=\"37d9b376\" data-element_type=\"column\">\n\t\t\t<div class=\"elementor-widget-wrap elementor-element-populated\">\n\t\t\t\t\t\t<div class=\"elementor-element elementor-element-7425f8af elementor-widget elementor-widget-text-editor\" data-id=\"7425f8af\" data-element_type=\"widget\" data-widget_type=\"text-editor.default\">\n\t\t\t\t<div class=\"elementor-widget-container\">\n\t\t\t\t\t\t\t<h2>1. Ofici\u00e1ln\u00ed n\u00e1zev<\/h2><p style=\"padding-left: 40px;\">Mate\u0159sk\u00e1 \u0161kola, Krom\u011b\u0159\u00ed\u017e, Gork\u00e9ho 2566, p\u0159\u00edsp\u011bvkov\u00e1 organizace<\/p><h2>2. D\u016fvod a zp\u016fsob zalo\u017een\u00ed<\/h2><p style=\"padding-left: 40px;\"><strong>D\u016fvod zalo\u017een\u00ed:<\/strong><br \/>Hlavn\u00edm d\u016fvodem zalo\u017een\u00ed p\u0159\u00edsp\u011bvkov\u00e9 organizace \u2013 mate\u0159sk\u00e9 \u0161koly \u2013 je zaji\u0161t\u011bn\u00ed p\u0159ed\u0161koln\u00edho vzd\u011bl\u00e1v\u00e1n\u00ed pro d\u011bti zpravidla ve v\u011bku od 3 do 7 let v souladu s pr\u00e1vn\u00edmi p\u0159edpisy \u010cesk\u00e9 republiky, zejm\u00e9na \u0161kolsk\u00fdm z\u00e1konem. Mate\u0159sk\u00e1 \u0161kola pln\u00ed d\u016fle\u017eitou roli v rozvoji osobnosti d\u00edt\u011bte, podporuje jeho soci\u00e1ln\u00ed, emocion\u00e1ln\u00ed, rozumov\u00fd i fyzick\u00fd v\u00fdvoj a p\u0159ipravuje jej na vstup do z\u00e1kladn\u00edho vzd\u011bl\u00e1v\u00e1n\u00ed.<\/p><p style=\"padding-left: 40px;\"><strong>Zp\u016fsob zalo\u017een\u00ed:<\/strong><br \/>Rozhodnut\u00edm z\u0159izovatele \u2013 usnesen\u00edm zastupitelstva ze dne 5.9.2002 s\u00a0\u00fa\u010dinnost\u00ed od 1.1.2003<\/p><p style=\"padding-left: 40px;\">M\u011bsto Krom\u011b\u0159\u00ed\u017e<br \/>Velk\u00e9 n\u00e1m. 115<br \/>767 01\u00a0\u00a0Krom\u011b\u0159\u00ed\u017e<\/p><h2>3. Organiza\u010dn\u00ed struktura<\/h2><p style=\"padding-left: 40px;\"><a href=\"https:\/\/skolkagorkehokm.cz\/wp-content\/uploads\/2026\/05\/organizacni_schema_skoly.jpg\" target=\"_blank\" rel=\"noopener\">Organiza\u010dn\u00ed struktura<\/a><\/p><h2>4. Kontaktn\u00ed spojen\u00ed<\/h2><p style=\"padding-left: 40px;\"><a href=\"https:\/\/skolkagorkehokm.cz\/en\/kontakt\/\">Kontaktn\u00ed spojen\u00ed<\/a><\/p><h3>4.1 Kontaktn\u00ed po\u0161tovn\u00ed adresa<\/h3><p style=\"padding-left: 40px;\"><span style=\"font-size: 16px;\">Mate\u0159sk\u00e1 \u0161kola, Krom\u011b\u0159\u00ed\u017e, Gork\u00e9ho 2566, p\u0159\u00edsp\u011bvkov\u00e1 organizace<\/span><\/p><p style=\"padding-left: 40px;\">Gork\u00e9ho 2566<br \/>767 01\u00a0\u00a0Krom\u011b\u0159\u00ed\u017e<\/p><h3>4.2 Adresa \u00fa\u0159adovny pro osobn\u00ed n\u00e1v\u0161t\u011bvu<\/h3><p style=\"padding-left: 40px;\">Mate\u0159sk\u00e1 \u0161kola, Krom\u011b\u0159\u00ed\u017e, Gork\u00e9ho 2566, p\u0159\u00edsp\u011bvkov\u00e1 organizace Gork\u00e9ho 2566<br \/>767 01 Krom\u011b\u0159\u00ed\u017e<\/p><h3>4.3 \u00da\u0159edn\u00ed hodiny<\/h3><p style=\"padding-left: 40px;\">PO \u2013 P\u00c1 9,30-11,30<br \/>p\u0159\u00edpadn\u011b po tel. domluv\u011b<\/p><h3>4.4 Telefonn\u00ed \u010d\u00edsla<\/h3><p style=\"padding-left: 40px;\">+420 722 370 555 \u0159editelka M\u0160<br \/>+420 770 129 590 vedouc\u00ed \u0160J\/\u00fa\u010detn\u00ed<br \/>+420 727 876 459 M\u0160 Tr\u00e1vn\u00edk<\/p><h3>4.5 Adresa internetov\u00e9 str\u00e1nky<\/h3><p style=\"padding-left: 40px;\"><a href=\"https:\/\/skolkagorkehokm.cz\/en\/\">www.skolkagorkehokm.cz<\/a><\/p><h3>4.6 Adresa podatelny<\/h3><p style=\"padding-left: 40px;\">Mate\u0159sk\u00e1 \u0161kola, Krom\u011b\u0159\u00ed\u017e, Gork\u00e9ho 2566, p\u0159\u00edsp\u011bvkov\u00e1 organizace<br \/>Gork\u00e9ho 2566<br \/>767 01\u00a0\u00a0Krom\u011b\u0159\u00ed\u017e<\/p><h3>4.7 Elektronick\u00e1 adresa podatelny<\/h3><p style=\"padding-left: 40px;\"><a href=\"mailto:reditelka@skolkagorkehokm.cz\">reditelka@skolkagorkehokm.cz<\/a><br \/><a href=\"mailto:ucetni@skolkagorkehokm.cz\">ucetni@skolkagorkehokm.cz<\/a><br \/><a href=\"mailto:jidelna@skolkagorkehokm.cz\"><span>jidelna@skolkagorkehokm.cz<\/span><\/a><\/p><h3>4.8 Datov\u00e1 schr\u00e1nka<\/h3><p style=\"padding-left: 40px;\">a8hktih<\/p><h2>5. P\u0159\u00edpadn\u00e9 platby lze pouk\u00e1zat<\/h2><p style=\"padding-left: 40px;\">\u010c\u00edslo \u00fa\u010dtu: 181361832\/0300<\/p><h2>6. I\u010cO<\/h2><p style=\"padding-left: 40px;\">70995532<\/p><h2>7. DI\u010c<\/h2><p style=\"padding-left: 40px;\">NEPL\u00c1TCE<\/p><h2>8. Dokumenty<\/h2><h3>8.1<span>\u00a0<\/span>Seznamy hlavn\u00edch dokument\u016f<br \/><span style=\"font-size: 16px;\"><\/span><\/h3><p style=\"padding-left: 40px;\"><a href=\"https:\/\/skolkagorkehokm.cz\/en\/dokumenty\/\" style=\"font-size: 16px;\">Seznamy hlavn\u00edch dokument\u016f<\/a><\/p><h3>8.2<span>\u00a0<\/span>Rozpo\u010det<\/h3><p style=\"padding-left: 40px;\"><a href=\"https:\/\/skolkagorkehokm.cz\/en\/dokumenty\/#urednideska\" style=\"font-size: 16px;\">Rozpo\u010det<\/a><\/p><h2>9. \u017d\u00e1dosti o informace<\/h2><p style=\"padding-left: 40px;\">Prost\u0159ednictv\u00edm elektronick\u00e9 po\u0161ty:\u00a0<a href=\"mailto:reditelka@skolkagorkehokm.cz\">reditelka@skolkagorkehokm.cz<\/a><\/p><p style=\"padding-left: 40px;\">Prost\u0159ednictv\u00edm datov\u00e9 schr\u00e1nky: a8hktih<\/p><p style=\"padding-left: 40px;\">P\u00edsemn\u011b po\u0161tou: Mate\u0159sk\u00e1 \u0161kola, Krom\u011b\u0159\u00ed\u017e, Gork\u00e9ho 2566, p\u0159\u00edsp\u011bvkov\u00e1 organizace<br \/>Gork\u00e9ho 2566<br \/>767 01\u00a0\u00a0Krom\u011b\u0159\u00ed\u017e<\/p><p style=\"padding-left: 40px;\">Osobn\u011b: v s\u00eddle organizace na v\u00fd\u0161e uveden\u00e9 adrese<\/p><h2>10.P\u0159\u00edjem pod\u00e1n\u00ed a podn\u011bt\u016f<\/h2><p style=\"padding-left: 40px;\">P\u0159\u00edjem \u017e\u00e1dost\u00ed, pod\u00e1n\u00ed a podn\u011bt\u016f se \u0159\u00edd\u00ed z\u00e1konem \u010d. 106\/1999 Sb., o svobodn\u00e9m p\u0159\u00edstupu k informac\u00edm, ve zn\u011bn\u00ed pozd\u011bj\u0161\u00edch p\u0159edpis\u016f a z\u00e1konem \u010d. 500\/2004 Sb., spr\u00e1vn\u00ed \u0159\u00e1d, ve zn\u011bn\u00ed pozd\u011bj\u0161\u00edch p\u0159edpis\u016f.<\/p><p style=\"padding-left: 40px;\">\u017d\u00e1dost, st\u00ed\u017enost, n\u00e1vrh, podn\u011bt \u010di jin\u00e9 do\u017e\u00e1d\u00e1n\u00ed lze doru\u010dit osobn\u011b do kancel\u00e1\u0159e \u0159editelky \u0161koly na z\u00e1klad\u011b p\u0159edchoz\u00ed domluvy, nebo p\u00edsemn\u011b na adresu \u0161koly, elektronicky na e-mailovou adresu nebo prost\u0159ednictv\u00edm datov\u00e9 schr\u00e1nky.<\/p><p style=\"padding-left: 40px;\">Stejn\u00fdm zp\u016fsobem je mo\u017en\u00e9 obdr\u017eet rozhodnut\u00ed o pr\u00e1vech a povinnostech \u0161koly.<\/p><h2>11. P\u0159edpisy<\/h2><h3>11.1 Nejd\u016fle\u017eit\u011bj\u0161\u00ed pou\u017e\u00edvan\u00e9 p\u0159edpisy<\/h3><p style=\"padding-left: 40px;\"><a href=\"https:\/\/www.zakonyprolidi.cz\/cs\/2004-561\" target=\"_blank\" rel=\"noopener noreferrer\">Z\u00e1kon \u010d. 561\/2004 Sb.<\/a><br \/><a href=\"https:\/\/www.zakonyprolidi.cz\/cs\/2004-563\" target=\"_blank\" rel=\"noopener noreferrer\">Z\u00e1kon \u010d. 563\/2004 Sb.<\/a><br \/><a href=\"https:\/\/www.zakonyprolidi.cz\/cs\/2004-500\" target=\"_blank\" rel=\"noopener noreferrer\">Z\u00e1kon \u010d. 500\/2004 Sb.<\/a><br \/><a href=\"https:\/\/www.zakonyprolidi.cz\/cs\/2000-250\" target=\"_blank\" rel=\"noopener noreferrer\"><\/a><a href=\"https:\/\/www.zakonyprolidi.cz\/cs\/2000-250\" target=\"_blank\" rel=\"noopener noreferrer\">Z\u00e1kon \u010d. 250\/2000 Sb.<\/a><br \/><a href=\"https:\/\/www.zakonyprolidi.cz\/cs\/2005-48\" target=\"_blank\" rel=\"noopener noreferrer\">Vyhl\u00e1\u0161ka \u010d. 48\/2005 Sb.<\/a><br \/><a href=\"https:\/\/www.zakonyprolidi.cz\/cs\/2005-74\" target=\"_blank\" rel=\"noopener noreferrer\"><\/a><a href=\"https:\/\/www.zakonyprolidi.cz\/cs\/2005-74\" target=\"_blank\" rel=\"noopener noreferrer\">Vyhl\u00e1\u0161ka \u010d. 74\/2005 Sb.<\/a><br \/><a href=\"https:\/\/www.zakonyprolidi.cz\/cs\/2005-107\" target=\"_blank\" rel=\"noopener noreferrer\">Vyhl\u00e1\u0161ka \u010d. 107\/2005 Sb.<\/a><\/p><h3>11.2<span>\u00a0<\/span>Vydan\u00e9 pr\u00e1vn\u00ed p\u0159edpisy<\/h3><p style=\"padding-left: 40px;\"><a href=\"https:\/\/skolkagorkehokm.cz\/en\/dokumenty\/\">Vydan\u00e9 pr\u00e1vn\u00ed p\u0159edpisy<\/a><\/p><h2>12. \u00dahrady za poskytov\u00e1n\u00ed informac\u00ed<\/h2><h3>12.1<span>\u00a0<\/span>Sazebn\u00edk \u00fahrad za poskytov\u00e1n\u00ed informac\u00ed<\/h3><p style=\"padding-left: 40px;\"><a href=\"https:\/\/skolkagorkehokm.cz\/wp-content\/uploads\/2026\/05\/SMS-sluzby-Sazebnik-uhrad-za-poskytovani-informaci_v2024-5-1-1.pdf\" target=\"_blank\" rel=\"noopener noreferrer\">Sazebn\u00edk \u00fahrad za poskytov\u00e1n\u00ed informac\u00ed<\/a><\/p><h3>12.2 Usnesen\u00ed nad\u0159\u00edzen\u00e9ho org\u00e1nu o v\u00fd\u0161i \u00fahrad za poskytnut\u00ed informac\u00ed<\/h3><p style=\"padding-left: 40px;\">\u017dadatel m\u016f\u017ee podat na postup p\u0159i vy\u0159izov\u00e1n\u00ed \u017e\u00e1dosti o informaci st\u00ed\u017enost, pokud nesouhlas\u00ed s v\u00fd\u0161\u00ed \u00fahrady sd\u011blen\u00e9 \u017eadateli p\u00edsemn\u011b povinn\u00fdm subjektem p\u0159ed pod\u00e1n\u00edm informace nebo nesouhlas\u00ed s v\u00fd\u0161\u00ed odm\u011bny za opr\u00e1vn\u011bn\u00ed u\u017e\u00edt informaci na z\u00e1klad\u011b licen\u010dn\u00ed smlouvy. St\u00ed\u017enost lze podat p\u00edsemn\u011b nebo \u00fastn\u011b, a to u povinn\u00e9ho subjektu. O st\u00ed\u017enosti rozhoduje nad\u0159\u00edzen\u00fd org\u00e1n. V sou\u010dasn\u00e9 dob\u011b nejsou vyd\u00e1na \u017e\u00e1dn\u00e1 usnesen\u00ed nad\u0159\u00edzen\u00e9ho org\u00e1nu t\u00fdkaj\u00edc\u00edch se t\u011bchto st\u00ed\u017enost\u00ed.<\/p><h2>13. Licen\u010dn\u00ed smlouvy<\/h2><p style=\"padding-left: 40px;\">Mate\u0159sk\u00e1 \u0161kola Krom\u011b\u0159\u00ed\u017e, Gork\u00e9ho 2566 nem\u00e1 uzav\u0159eny \u017e\u00e1dn\u00e9 licen\u010dn\u00ed smlouvy.<\/p><h3>13.1<span>\u00a0<\/span>Vzor licen\u010dn\u00edch smluv<\/h3><p style=\"padding-left: 40px;\">Mate\u0159sk\u00e1 \u0161kola Krom\u011b\u0159\u00ed\u017e, Gork\u00e9ho 2566 nem\u00e1 uzav\u0159eny \u017e\u00e1dn\u00e9 licen\u010dn\u00ed smlouvy.<\/p><h3>13.2 V\u00fdhradn\u00ed licence<\/h3><p style=\"padding-left: 40px;\">V sou\u010dasn\u00e9 dob\u011b nejsou pro Mate\u0159skou \u0161kolu Krom\u011b\u0159\u00ed\u017e, Gork\u00e9ho 2566 poskytnuty \u017e\u00e1dn\u00e9 v\u00fdhradn\u00ed licence podle \u00a7 14a odst. 4 z\u00e1kona \u010d. 106\/1999 Sb., o svobodn\u00e9m p\u0159\u00edstupu k informac\u00edm, ve zn\u011bn\u00ed pozd\u011bj\u0161\u00edch p\u0159edpis\u016f.<\/p><h2>14. V\u00fdro\u010dn\u00ed zpr\u00e1va podle z\u00e1kona \u010d. 106\/1999 Sb.<\/h2><p style=\"padding-left: 40px;\"><a href=\"https:\/\/skolkagorkehokm.cz\/wp-content\/uploads\/2026\/05\/VYROCNI-ZPRAVA-MS-GORKEHO-2025.pdf\">V\u00fdro\u010dn\u00ed zpr\u00e1va &#8211; poskytov\u00e1n\u00ed informac\u00ed 2025<\/a><\/p>\t\t\t\t\t\t<\/div>\n\t\t\t\t<\/div>\n\t\t\t\t\t<\/div>\n\t\t<\/div>\n\t\t\t\t\t<\/div>\n\t\t<\/section>\n\t\t\t\t<\/div>","protected":false},"excerpt":{"rendered":"<p>1. Ofici\u00e1ln\u00ed n\u00e1zev Mate\u0159sk\u00e1 \u0161kola, Krom\u011b\u0159\u00ed\u017e, Gork\u00e9ho 2566, p\u0159\u00edsp\u011bvkov\u00e1 organizace 2. D\u016fvod a zp\u016fsob zalo\u017een\u00ed D\u016fvod zalo\u017een\u00ed:Hlavn\u00edm d\u016fvodem zalo\u017een\u00ed p\u0159\u00edsp\u011bvkov\u00e9 organizace \u2013 mate\u0159sk\u00e9 \u0161koly \u2013 je zaji\u0161t\u011bn\u00ed p\u0159ed\u0161koln\u00edho vzd\u011bl\u00e1v\u00e1n\u00ed pro d\u011bti zpravidla ve v\u011bku od 3 do 7 let v souladu s pr\u00e1vn\u00edmi p\u0159edpisy \u010cesk\u00e9 republiky, zejm\u00e9na \u0161kolsk\u00fdm z\u00e1konem. Mate\u0159sk\u00e1 \u0161kola pln\u00ed d\u016fle\u017eitou roli v [&hellip;]<\/p>\n","protected":false},"author":1,"featured_media":0,"parent":0,"menu_order":0,"comment_status":"closed","ping_status":"closed","template":"","meta":{"footnotes":"","_links_to":"","_links_to_target":""},"class_list":["post-7602","page","type-page","status-publish","hentry"],"yoast_head":"<!-- This site is optimized with the Yoast SEO Premium plugin v20.11 (Yoast SEO v27.4) - https:\/\/yoast.com\/product\/yoast-seo-premium-wordpress\/ -->\n<title>Povinn\u011b zve\u0159ej\u0148ovan\u00e9 informace - M\u0160 Krom\u011b\u0159\u00ed\u017e, Gork\u00e9ho<\/title>\n<meta name=\"description\" content=\"Poskytujeme kvalitn\u00ed vzd\u011bl\u00e1v\u00e1n\u00ed d\u011btem v p\u0159\u00e1telsk\u00e9 atmosf\u00e9\u0159e, kde se st\u0159et\u00e1v\u00e1 sv\u011bt tradic a mor\u00e1ln\u00edch hodnot se sv\u011btem nov\u00fdch znalost\u00ed i modern\u00edch technologi\u00ed.\" \/>\n<meta name=\"robots\" content=\"index, follow, max-snippet:-1, max-image-preview:large, max-video-preview:-1\" \/>\n<link rel=\"canonical\" href=\"https:\/\/skolkagorkehokm.cz\/en\/povinne-zverejnovane-informace\/\" \/>\n<meta property=\"og:locale\" content=\"en_GB\" \/>\n<meta property=\"og:type\" content=\"article\" \/>\n<meta property=\"og:title\" content=\"Povinn\u011b zve\u0159ej\u0148ovan\u00e9 informace\" \/>\n<meta property=\"og:description\" content=\"Poskytujeme kvalitn\u00ed vzd\u011bl\u00e1v\u00e1n\u00ed d\u011btem v p\u0159\u00e1telsk\u00e9 atmosf\u00e9\u0159e, kde se st\u0159et\u00e1v\u00e1 sv\u011bt tradic a mor\u00e1ln\u00edch hodnot se sv\u011btem nov\u00fdch znalost\u00ed i modern\u00edch technologi\u00ed.\" \/>\n<meta property=\"og:url\" content=\"https:\/\/skolkagorkehokm.cz\/en\/povinne-zverejnovane-informace\/\" \/>\n<meta property=\"og:site_name\" content=\"M\u0160 Krom\u011b\u0159\u00ed\u017e, Gork\u00e9ho\" \/>\n<meta property=\"article:modified_time\" content=\"2026-05-05T12:47:11+00:00\" \/>\n<meta property=\"og:image\" content=\"https:\/\/skolkagorkehokm.cz\/wp-content\/uploads\/2023\/12\/MS-Gorkeho-vyssi-kvalita-scaled-1-e1703204635263.jpg\" \/>\n\t<meta property=\"og:image:width\" content=\"1200\" \/>\n\t<meta property=\"og:image:height\" content=\"722\" \/>\n\t<meta property=\"og:image:type\" content=\"image\/jpeg\" \/>\n<meta name=\"twitter:card\" content=\"summary_large_image\" \/>\n<meta name=\"twitter:label1\" content=\"Estimated reading time\" \/>\n\t<meta name=\"twitter:data1\" content=\"3 minutes\" \/>\n<script type=\"application\/ld+json\" class=\"yoast-schema-graph\">{\"@context\":\"https:\\\/\\\/schema.org\",\"@graph\":[{\"@type\":\"WebPage\",\"@id\":\"https:\\\/\\\/skolkagorkehokm.cz\\\/povinne-zverejnovane-informace\\\/\",\"url\":\"https:\\\/\\\/skolkagorkehokm.cz\\\/povinne-zverejnovane-informace\\\/\",\"name\":\"Povinn\u011b zve\u0159ej\u0148ovan\u00e9 informace - M\u0160 Krom\u011b\u0159\u00ed\u017e, Gork\u00e9ho\",\"isPartOf\":{\"@id\":\"https:\\\/\\\/skolkagorkehokm.cz\\\/#website\"},\"datePublished\":\"2026-05-05T10:32:18+00:00\",\"dateModified\":\"2026-05-05T12:47:11+00:00\",\"description\":\"Poskytujeme kvalitn\u00ed vzd\u011bl\u00e1v\u00e1n\u00ed d\u011btem v p\u0159\u00e1telsk\u00e9 atmosf\u00e9\u0159e, kde se st\u0159et\u00e1v\u00e1 sv\u011bt tradic a mor\u00e1ln\u00edch hodnot se sv\u011btem nov\u00fdch znalost\u00ed i modern\u00edch technologi\u00ed.\",\"breadcrumb\":{\"@id\":\"https:\\\/\\\/skolkagorkehokm.cz\\\/povinne-zverejnovane-informace\\\/#breadcrumb\"},\"inLanguage\":\"en-GB\",\"potentialAction\":[{\"@type\":\"ReadAction\",\"target\":[\"https:\\\/\\\/skolkagorkehokm.cz\\\/povinne-zverejnovane-informace\\\/\"]}]},{\"@type\":\"BreadcrumbList\",\"@id\":\"https:\\\/\\\/skolkagorkehokm.cz\\\/povinne-zverejnovane-informace\\\/#breadcrumb\",\"itemListElement\":[{\"@type\":\"ListItem\",\"position\":1,\"name\":\"Dom\u016f\",\"item\":\"https:\\\/\\\/skolkagorkehokm.cz\\\/\"},{\"@type\":\"ListItem\",\"position\":2,\"name\":\"Povinn\u011b zve\u0159ej\u0148ovan\u00e9 informace\"}]},{\"@type\":\"WebSite\",\"@id\":\"https:\\\/\\\/skolkagorkehokm.cz\\\/#website\",\"url\":\"https:\\\/\\\/skolkagorkehokm.cz\\\/\",\"name\":\"M\u0160 Krom\u011b\u0159\u00ed\u017e, Gork\u00e9ho\",\"description\":\"Poskytujeme kvalitn\u00ed vzd\u011bl\u00e1v\u00e1n\u00ed d\u011btem v p\u0159\u00e1telsk\u00e9 atmosf\u00e9\u0159e, kde se st\u0159et\u00e1v\u00e1 sv\u011bt tradic a mor\u00e1ln\u00edch hodnot se sv\u011btem nov\u00fdch znalost\u00ed i modern\u00edch technologi\u00ed.\",\"publisher\":{\"@id\":\"https:\\\/\\\/skolkagorkehokm.cz\\\/#organization\"},\"alternateName\":\"M\u0160 Krom\u011b\u0159\u00ed\u017e, Gork\u00e9ho 2566, p\u0159\u00edsp\u011bvkov\u00e1 organizace\",\"potentialAction\":[{\"@type\":\"SearchAction\",\"target\":{\"@type\":\"EntryPoint\",\"urlTemplate\":\"https:\\\/\\\/skolkagorkehokm.cz\\\/?s={search_term_string}\"},\"query-input\":{\"@type\":\"PropertyValueSpecification\",\"valueRequired\":true,\"valueName\":\"search_term_string\"}}],\"inLanguage\":\"en-GB\"},{\"@type\":\"Organization\",\"@id\":\"https:\\\/\\\/skolkagorkehokm.cz\\\/#organization\",\"name\":\"M\u0160 Krom\u011b\u0159\u00ed\u017e, Gork\u00e9ho 2566, p\u0159\u00edsp\u011bvkov\u00e1 organizace\",\"url\":\"https:\\\/\\\/skolkagorkehokm.cz\\\/\",\"logo\":{\"@type\":\"ImageObject\",\"inLanguage\":\"en-GB\",\"@id\":\"https:\\\/\\\/skolkagorkehokm.cz\\\/#\\\/schema\\\/logo\\\/image\\\/\",\"url\":\"http:\\\/\\\/skolkagorkehokm.cz\\\/wp-content\\\/uploads\\\/2023\\\/12\\\/MS-Gorkeho-vyssi-kvalita-scaled.jpg\",\"contentUrl\":\"http:\\\/\\\/skolkagorkehokm.cz\\\/wp-content\\\/uploads\\\/2023\\\/12\\\/MS-Gorkeho-vyssi-kvalita-scaled.jpg\",\"width\":2560,\"height\":1541,\"caption\":\"M\u0160 Krom\u011b\u0159\u00ed\u017e, Gork\u00e9ho 2566, p\u0159\u00edsp\u011bvkov\u00e1 organizace\"},\"image\":{\"@id\":\"https:\\\/\\\/skolkagorkehokm.cz\\\/#\\\/schema\\\/logo\\\/image\\\/\"}}]}<\/script>\n<!-- \/ Yoast SEO Premium plugin. -->","yoast_head_json":{"title":"Povinn\u011b zve\u0159ej\u0148ovan\u00e9 informace - M\u0160 Krom\u011b\u0159\u00ed\u017e, Gork\u00e9ho","description":"Poskytujeme kvalitn\u00ed vzd\u011bl\u00e1v\u00e1n\u00ed d\u011btem v p\u0159\u00e1telsk\u00e9 atmosf\u00e9\u0159e, kde se st\u0159et\u00e1v\u00e1 sv\u011bt tradic a mor\u00e1ln\u00edch hodnot se sv\u011btem nov\u00fdch znalost\u00ed i modern\u00edch technologi\u00ed.","robots":{"index":"index","follow":"follow","max-snippet":"max-snippet:-1","max-image-preview":"max-image-preview:large","max-video-preview":"max-video-preview:-1"},"canonical":"https:\/\/skolkagorkehokm.cz\/en\/povinne-zverejnovane-informace\/","og_locale":"en_GB","og_type":"article","og_title":"Povinn\u011b zve\u0159ej\u0148ovan\u00e9 informace","og_description":"Poskytujeme kvalitn\u00ed vzd\u011bl\u00e1v\u00e1n\u00ed d\u011btem v p\u0159\u00e1telsk\u00e9 atmosf\u00e9\u0159e, kde se st\u0159et\u00e1v\u00e1 sv\u011bt tradic a mor\u00e1ln\u00edch hodnot se sv\u011btem nov\u00fdch znalost\u00ed i modern\u00edch technologi\u00ed.","og_url":"https:\/\/skolkagorkehokm.cz\/en\/povinne-zverejnovane-informace\/","og_site_name":"M\u0160 Krom\u011b\u0159\u00ed\u017e, Gork\u00e9ho","article_modified_time":"2026-05-05T12:47:11+00:00","og_image":[{"width":1200,"height":722,"url":"https:\/\/skolkagorkehokm.cz\/wp-content\/uploads\/2023\/12\/MS-Gorkeho-vyssi-kvalita-scaled-1-e1703204635263.jpg","type":"image\/jpeg"}],"twitter_card":"summary_large_image","twitter_misc":{"Estimated reading time":"3 minutes"},"schema":{"@context":"https:\/\/schema.org","@graph":[{"@type":"WebPage","@id":"https:\/\/skolkagorkehokm.cz\/povinne-zverejnovane-informace\/","url":"https:\/\/skolkagorkehokm.cz\/povinne-zverejnovane-informace\/","name":"Povinn\u011b zve\u0159ej\u0148ovan\u00e9 informace - M\u0160 Krom\u011b\u0159\u00ed\u017e, Gork\u00e9ho","isPartOf":{"@id":"https:\/\/skolkagorkehokm.cz\/#website"},"datePublished":"2026-05-05T10:32:18+00:00","dateModified":"2026-05-05T12:47:11+00:00","description":"Poskytujeme kvalitn\u00ed vzd\u011bl\u00e1v\u00e1n\u00ed d\u011btem v p\u0159\u00e1telsk\u00e9 atmosf\u00e9\u0159e, kde se st\u0159et\u00e1v\u00e1 sv\u011bt tradic a mor\u00e1ln\u00edch hodnot se sv\u011btem nov\u00fdch znalost\u00ed i modern\u00edch technologi\u00ed.","breadcrumb":{"@id":"https:\/\/skolkagorkehokm.cz\/povinne-zverejnovane-informace\/#breadcrumb"},"inLanguage":"en-GB","potentialAction":[{"@type":"ReadAction","target":["https:\/\/skolkagorkehokm.cz\/povinne-zverejnovane-informace\/"]}]},{"@type":"BreadcrumbList","@id":"https:\/\/skolkagorkehokm.cz\/povinne-zverejnovane-informace\/#breadcrumb","itemListElement":[{"@type":"ListItem","position":1,"name":"Dom\u016f","item":"https:\/\/skolkagorkehokm.cz\/"},{"@type":"ListItem","position":2,"name":"Povinn\u011b zve\u0159ej\u0148ovan\u00e9 informace"}]},{"@type":"WebSite","@id":"https:\/\/skolkagorkehokm.cz\/#website","url":"https:\/\/skolkagorkehokm.cz\/","name":"M\u0160 Krom\u011b\u0159\u00ed\u017e, Gork\u00e9ho","description":"Poskytujeme kvalitn\u00ed vzd\u011bl\u00e1v\u00e1n\u00ed d\u011btem v p\u0159\u00e1telsk\u00e9 atmosf\u00e9\u0159e, kde se st\u0159et\u00e1v\u00e1 sv\u011bt tradic a mor\u00e1ln\u00edch hodnot se sv\u011btem nov\u00fdch znalost\u00ed i modern\u00edch technologi\u00ed.","publisher":{"@id":"https:\/\/skolkagorkehokm.cz\/#organization"},"alternateName":"M\u0160 Krom\u011b\u0159\u00ed\u017e, Gork\u00e9ho 2566, p\u0159\u00edsp\u011bvkov\u00e1 organizace","potentialAction":[{"@type":"SearchAction","target":{"@type":"EntryPoint","urlTemplate":"https:\/\/skolkagorkehokm.cz\/?s={search_term_string}"},"query-input":{"@type":"PropertyValueSpecification","valueRequired":true,"valueName":"search_term_string"}}],"inLanguage":"en-GB"},{"@type":"Organization","@id":"https:\/\/skolkagorkehokm.cz\/#organization","name":"M\u0160 Krom\u011b\u0159\u00ed\u017e, Gork\u00e9ho 2566, p\u0159\u00edsp\u011bvkov\u00e1 organizace","url":"https:\/\/skolkagorkehokm.cz\/","logo":{"@type":"ImageObject","inLanguage":"en-GB","@id":"https:\/\/skolkagorkehokm.cz\/#\/schema\/logo\/image\/","url":"https:\/\/skolkagorkehokm.cz\/wp-content\/uploads\/2023\/12\/MS-Gorkeho-vyssi-kvalita-scaled.jpg","contentUrl":"https:\/\/skolkagorkehokm.cz\/wp-content\/uploads\/2023\/12\/MS-Gorkeho-vyssi-kvalita-scaled.jpg","width":2560,"height":1541,"caption":"M\u0160 Krom\u011b\u0159\u00ed\u017e, Gork\u00e9ho 2566, p\u0159\u00edsp\u011bvkov\u00e1 organizace"},"image":{"@id":"https:\/\/skolkagorkehokm.cz\/#\/schema\/logo\/image\/"}}]}},"_links":{"self":[{"href":"https:\/\/skolkagorkehokm.cz\/en\/wp-json\/wp\/v2\/pages\/7602","targetHints":{"allow":["GET"]}}],"collection":[{"href":"https:\/\/skolkagorkehokm.cz\/en\/wp-json\/wp\/v2\/pages"}],"about":[{"href":"https:\/\/skolkagorkehokm.cz\/en\/wp-json\/wp\/v2\/types\/page"}],"author":[{"embeddable":true,"href":"https:\/\/skolkagorkehokm.cz\/en\/wp-json\/wp\/v2\/users\/1"}],"replies":[{"embeddable":true,"href":"https:\/\/skolkagorkehokm.cz\/en\/wp-json\/wp\/v2\/comments?post=7602"}],"version-history":[{"count":42,"href":"https:\/\/skolkagorkehokm.cz\/en\/wp-json\/wp\/v2\/pages\/7602\/revisions"}],"predecessor-version":[{"id":7658,"href":"https:\/\/skolkagorkehokm.cz\/en\/wp-json\/wp\/v2\/pages\/7602\/revisions\/7658"}],"wp:attachment":[{"href":"https:\/\/skolkagorkehokm.cz\/en\/wp-json\/wp\/v2\/media?parent=7602"}],"curies":[{"name":"wp","href":"https:\/\/api.w.org\/{rel}","templated":true}]}}