{"id":4270,"date":"2023-12-18T23:02:42","date_gmt":"2023-12-18T23:02:42","guid":{"rendered":"https:\/\/skolkagorkehokm.cz\/?page_id=4270"},"modified":"2024-01-10T22:47:45","modified_gmt":"2024-01-10T22:47:45","slug":"pronajem","status":"publish","type":"page","link":"https:\/\/skolkagorkehokm.cz\/en\/pronajem\/","title":{"rendered":"Rozpis t\u011blocvi\u010dny"},"content":{"rendered":"<div data-elementor-type=\"wp-post\" data-elementor-id=\"4270\" class=\"elementor elementor-4270\" data-elementor-post-type=\"page\">\n\t\t\t\t\t\t<section class=\"elementor-section elementor-top-section elementor-element elementor-element-01e199b elementor-section-boxed elementor-section-height-default elementor-section-height-default\" data-id=\"01e199b\" data-element_type=\"section\" data-settings=\"{&quot;background_background&quot;:&quot;classic&quot;}\">\n\t\t\t\t\t\t<div class=\"elementor-container elementor-column-gap-default\">\n\t\t\t\t\t<div class=\"elementor-column elementor-col-100 elementor-top-column elementor-element elementor-element-f342a48\" data-id=\"f342a48\" data-element_type=\"column\">\n\t\t\t<div class=\"elementor-widget-wrap elementor-element-populated\">\n\t\t\t\t\t\t<div class=\"elementor-element elementor-element-10dd029 elementor-widget elementor-widget-spacer\" data-id=\"10dd029\" data-element_type=\"widget\" data-widget_type=\"spacer.default\">\n\t\t\t\t<div class=\"elementor-widget-container\">\n\t\t\t\t\t<div class=\"elementor-spacer\">\n\t\t\t<div class=\"elementor-spacer-inner\"><\/div>\n\t\t<\/div>\n\t\t\t\t<\/div>\n\t\t\t\t<\/div>\n\t\t\t\t<div class=\"elementor-element elementor-element-32ae5c8 dbl-1st-block elementor-widget elementor-widget-wgl-double-headings\" data-id=\"32ae5c8\" data-element_type=\"widget\" data-widget_type=\"wgl-double-headings.default\">\n\t\t\t\t<div class=\"elementor-widget-container\">\n\t\t\t<div class=\"wgl-double_heading\"><h3 class=\"dbl-titles_wrapper\"><span class=\"dbl-title__wrap title-1__wrap\"><span class=\"dbl-title__1\">Rozpis t\u011blocvi\u010dny<\/span><\/span><\/h3>        <\/div>\t\t<\/div>\n\t\t\t\t<\/div>\n\t\t\t\t<div class=\"elementor-element elementor-element-bb0f243 elementor-widget elementor-widget-text-editor\" data-id=\"bb0f243\" data-element_type=\"widget\" data-widget_type=\"text-editor.default\">\n\t\t\t\t<div class=\"elementor-widget-container\">\n\t\t\t\t\t\t\t<p style=\"font-size: 18px; line-height: 32px; text-align: justify;\">Na\u0161e \u0161kola disponuje t\u011blocvi\u010dnou s mnoha pom\u016fckami a r\u016fzn\u00fdm n\u00e1\u0159ad\u00edm k rozvoji hrub\u00e9 i jemn\u00e9 motoriky. D\u011bti maj\u00ed mo\u017enost u\u017e\u00edt si radost z pohybu a her.\u00a0<span>T\u011blocvi\u010dna je\u00a0 vyu\u017e\u00edv\u00e1na i pro divadeln\u00ed p\u0159edstaven\u00ed, kouzelnickou show a p\u0159edn\u00e1\u0161ky pro rodi\u010de.<\/p>\t\t\t\t\t\t<\/div>\n\t\t\t\t<\/div>\n\t\t\t\t<div class=\"elementor-element elementor-element-46741cf elementor-widget elementor-widget-gallery\" data-id=\"46741cf\" data-element_type=\"widget\" data-settings=\"{&quot;columns_mobile&quot;:2,&quot;lazyload&quot;:&quot;yes&quot;,&quot;gallery_layout&quot;:&quot;grid&quot;,&quot;columns&quot;:4,&quot;columns_tablet&quot;:2,&quot;gap&quot;:{&quot;unit&quot;:&quot;px&quot;,&quot;size&quot;:10,&quot;sizes&quot;:[]},&quot;gap_tablet&quot;:{&quot;unit&quot;:&quot;px&quot;,&quot;size&quot;:10,&quot;sizes&quot;:[]},&quot;gap_mobile&quot;:{&quot;unit&quot;:&quot;px&quot;,&quot;size&quot;:10,&quot;sizes&quot;:[]},&quot;link_to&quot;:&quot;file&quot;,&quot;aspect_ratio&quot;:&quot;3:2&quot;,&quot;overlay_background&quot;:&quot;yes&quot;,&quot;content_hover_animation&quot;:&quot;fade-in&quot;}\" data-widget_type=\"gallery.default\">\n\t\t\t\t<div class=\"elementor-widget-container\">\n\t\t\t\t\t<div class=\"elementor-gallery__container\">\n\t\t\t\t\t\t\t<a class=\"e-gallery-item elementor-gallery-item elementor-animated-content\" href=\"https:\/\/skolkagorkehokm.cz\/wp-content\/uploads\/2024\/01\/DSC_0083.jpg\" data-elementor-open-lightbox=\"yes\" data-elementor-lightbox-slideshow=\"46741cf\" data-e-action-hash=\"#elementor-action%3Aaction%3Dlightbox%26settings%3DeyJpZCI6NTE0OCwidXJsIjoiaHR0cHM6XC9cL3Nrb2xrYWdvcmtlaG9rbS5jelwvd3AtY29udGVudFwvdXBsb2Fkc1wvMjAyNFwvMDFcL0RTQ18wMDgzLmpwZyIsInNsaWRlc2hvdyI6IjQ2NzQxY2YifQ%3D%3D\">\n\t\t\t\t\t<div class=\"e-gallery-image elementor-gallery-item__image\" data-thumbnail=\"https:\/\/skolkagorkehokm.cz\/wp-content\/uploads\/2024\/01\/DSC_0083-300x200.jpg\" data-width=\"300\" data-height=\"200\" aria-label=\"\" role=\"img\" ><\/div>\n\t\t\t\t\t\t\t\t\t\t\t<div class=\"elementor-gallery-item__overlay\"><\/div>\n\t\t\t\t\t\t\t\t\t\t\t\t\t\t<\/a>\n\t\t\t\t\t\t\t<a class=\"e-gallery-item elementor-gallery-item elementor-animated-content\" href=\"https:\/\/skolkagorkehokm.cz\/wp-content\/uploads\/2024\/01\/DSC_0082.jpg\" data-elementor-open-lightbox=\"yes\" data-elementor-lightbox-slideshow=\"46741cf\" data-e-action-hash=\"#elementor-action%3Aaction%3Dlightbox%26settings%3DeyJpZCI6NTE0NywidXJsIjoiaHR0cHM6XC9cL3Nrb2xrYWdvcmtlaG9rbS5jelwvd3AtY29udGVudFwvdXBsb2Fkc1wvMjAyNFwvMDFcL0RTQ18wMDgyLmpwZyIsInNsaWRlc2hvdyI6IjQ2NzQxY2YifQ%3D%3D\">\n\t\t\t\t\t<div class=\"e-gallery-image elementor-gallery-item__image\" data-thumbnail=\"https:\/\/skolkagorkehokm.cz\/wp-content\/uploads\/2024\/01\/DSC_0082-300x200.jpg\" data-width=\"300\" data-height=\"200\" aria-label=\"\" role=\"img\" ><\/div>\n\t\t\t\t\t\t\t\t\t\t\t<div class=\"elementor-gallery-item__overlay\"><\/div>\n\t\t\t\t\t\t\t\t\t\t\t\t\t\t<\/a>\n\t\t\t\t\t\t\t<a class=\"e-gallery-item elementor-gallery-item elementor-animated-content\" href=\"https:\/\/skolkagorkehokm.cz\/wp-content\/uploads\/2024\/01\/DSC_0080.jpg\" data-elementor-open-lightbox=\"yes\" data-elementor-lightbox-slideshow=\"46741cf\" data-e-action-hash=\"#elementor-action%3Aaction%3Dlightbox%26settings%3DeyJpZCI6NTE0NiwidXJsIjoiaHR0cHM6XC9cL3Nrb2xrYWdvcmtlaG9rbS5jelwvd3AtY29udGVudFwvdXBsb2Fkc1wvMjAyNFwvMDFcL0RTQ18wMDgwLmpwZyIsInNsaWRlc2hvdyI6IjQ2NzQxY2YifQ%3D%3D\">\n\t\t\t\t\t<div class=\"e-gallery-image elementor-gallery-item__image\" data-thumbnail=\"https:\/\/skolkagorkehokm.cz\/wp-content\/uploads\/2024\/01\/DSC_0080-300x200.jpg\" data-width=\"300\" data-height=\"200\" aria-label=\"\" role=\"img\" ><\/div>\n\t\t\t\t\t\t\t\t\t\t\t<div class=\"elementor-gallery-item__overlay\"><\/div>\n\t\t\t\t\t\t\t\t\t\t\t\t\t\t<\/a>\n\t\t\t\t\t\t\t<a class=\"e-gallery-item elementor-gallery-item elementor-animated-content\" href=\"https:\/\/skolkagorkehokm.cz\/wp-content\/uploads\/2024\/01\/DSC_0079.jpg\" data-elementor-open-lightbox=\"yes\" data-elementor-lightbox-slideshow=\"46741cf\" data-e-action-hash=\"#elementor-action%3Aaction%3Dlightbox%26settings%3DeyJpZCI6NTE0NSwidXJsIjoiaHR0cHM6XC9cL3Nrb2xrYWdvcmtlaG9rbS5jelwvd3AtY29udGVudFwvdXBsb2Fkc1wvMjAyNFwvMDFcL0RTQ18wMDc5LmpwZyIsInNsaWRlc2hvdyI6IjQ2NzQxY2YifQ%3D%3D\">\n\t\t\t\t\t<div class=\"e-gallery-image elementor-gallery-item__image\" data-thumbnail=\"https:\/\/skolkagorkehokm.cz\/wp-content\/uploads\/2024\/01\/DSC_0079-300x200.jpg\" data-width=\"300\" data-height=\"200\" aria-label=\"\" role=\"img\" ><\/div>\n\t\t\t\t\t\t\t\t\t\t\t<div class=\"elementor-gallery-item__overlay\"><\/div>\n\t\t\t\t\t\t\t\t\t\t\t\t\t\t<\/a>\n\t\t\t\t\t<\/div>\n\t\t\t<\/div>\n\t\t\t\t<\/div>\n\t\t\t\t<div class=\"elementor-element elementor-element-59ef2ed elementor-hidden-tablet elementor-hidden-mobile elementor-widget elementor-widget-spacer\" data-id=\"59ef2ed\" data-element_type=\"widget\" data-widget_type=\"spacer.default\">\n\t\t\t\t<div class=\"elementor-widget-container\">\n\t\t\t\t\t<div class=\"elementor-spacer\">\n\t\t\t<div class=\"elementor-spacer-inner\"><\/div>\n\t\t<\/div>\n\t\t\t\t<\/div>\n\t\t\t\t<\/div>\n\t\t\t\t<div class=\"elementor-element elementor-element-a889171 elementor-widget elementor-widget-text-editor\" data-id=\"a889171\" data-element_type=\"widget\" data-widget_type=\"text-editor.default\">\n\t\t\t\t<div class=\"elementor-widget-container\">\n\t\t\t\t\t\t\t<p>\n<table id=\"tablepress-5\" class=\"tablepress tablepress-id-5\">\n<thead>\n<tr class=\"row-1\">\n\t<th class=\"column-1\">Rozpis t\u011blocvi\u010dny<\/th><th class=\"column-2\">Mal\u00e9 cvi\u010den\u00ed (8.35 &#8211; 9.00)<\/th><th class=\"column-3\">Velk\u00e9 cvi\u010den\u00ed (9.05 &#8211; 9.45)<\/th>\n<\/tr>\n<\/thead>\n<tbody class=\"row-striping row-hover\">\n<tr class=\"row-2\">\n\t<td class=\"column-1\">Pond\u011bl\u00ed<\/td><td class=\"column-2\">\u0160vestky<\/td><td class=\"column-3\"><\/td>\n<\/tr>\n<tr class=\"row-3\">\n\t<td class=\"column-1\">\u00dater\u00fd<\/td><td class=\"column-2\">Jabl\u00ed\u010dka<\/td><td class=\"column-3\">\u0160vestky<\/td>\n<\/tr>\n<tr class=\"row-4\">\n\t<td class=\"column-1\">St\u0159eda<\/td><td class=\"column-2\">T\u0159e\u0161n\u011b<\/td><td class=\"column-3\">Hru\u0161ky<\/td>\n<\/tr>\n<tr class=\"row-5\">\n\t<td class=\"column-1\">\u010ctvrtek<\/td><td class=\"column-2\">\u0160vestky<\/td><td class=\"column-3\">Jabl\u00ed\u010dka<\/td>\n<\/tr>\n<tr class=\"row-6\">\n\t<td class=\"column-1\">P\u00e1tek<\/td><td class=\"column-2\">Hru\u0161ky<\/td><td class=\"column-3\">T\u0159e\u0161n\u011b<\/td>\n<\/tr>\n<\/tbody>\n<\/table>\n<!-- #tablepress-5 from cache --><\/p>\t\t\t\t\t\t<\/div>\n\t\t\t\t<\/div>\n\t\t\t\t<div class=\"elementor-element elementor-element-7f36190 elementor-widget elementor-widget-spacer\" data-id=\"7f36190\" data-element_type=\"widget\" data-widget_type=\"spacer.default\">\n\t\t\t\t<div class=\"elementor-widget-container\">\n\t\t\t\t\t<div class=\"elementor-spacer\">\n\t\t\t<div class=\"elementor-spacer-inner\"><\/div>\n\t\t<\/div>\n\t\t\t\t<\/div>\n\t\t\t\t<\/div>\n\t\t\t\t\t<\/div>\n\t\t<\/div>\n\t\t\t\t\t<\/div>\n\t\t<\/section>\n\t\t\t\t<\/div>","protected":false},"excerpt":{"rendered":"<p>Rozpis t\u011blocvi\u010dny Na\u0161e \u0161kola disponuje t\u011blocvi\u010dnou s mnoha pom\u016fckami a r\u016fzn\u00fdm n\u00e1\u0159ad\u00edm k rozvoji hrub\u00e9 i jemn\u00e9 motoriky. D\u011bti maj\u00ed mo\u017enost u\u017e\u00edt si radost z pohybu a her.\u00a0T\u011blocvi\u010dna je\u00a0 vyu\u017e\u00edv\u00e1na i pro divadeln\u00ed p\u0159edstaven\u00ed, kouzelnickou show a p\u0159edn\u00e1\u0161ky pro rodi\u010de.<\/p>","protected":false},"author":1,"featured_media":0,"parent":0,"menu_order":0,"comment_status":"closed","ping_status":"closed","template":"","meta":{"footnotes":"","_links_to":"","_links_to_target":""},"class_list":["post-4270","page","type-page","status-publish","hentry"],"yoast_head":"<!-- This site is optimized with the Yoast SEO Premium plugin v20.11 (Yoast SEO v27.4) - https:\/\/yoast.com\/product\/yoast-seo-premium-wordpress\/ -->\n<title>Rozpis t\u011blocvi\u010dny - M\u0160 Krom\u011b\u0159\u00ed\u017e, Gork\u00e9ho<\/title>\n<meta name=\"description\" content=\"Poskytujeme kvalitn\u00ed vzd\u011bl\u00e1v\u00e1n\u00ed d\u011btem v p\u0159\u00e1telsk\u00e9 atmosf\u00e9\u0159e, kde se st\u0159et\u00e1v\u00e1 sv\u011bt tradic a mor\u00e1ln\u00edch hodnot se sv\u011btem nov\u00fdch znalost\u00ed i modern\u00edch technologi\u00ed.\" \/>\n<meta name=\"robots\" content=\"index, follow, max-snippet:-1, max-image-preview:large, max-video-preview:-1\" \/>\n<link rel=\"canonical\" href=\"https:\/\/skolkagorkehokm.cz\/en\/pronajem\/\" \/>\n<meta property=\"og:locale\" content=\"en_GB\" \/>\n<meta property=\"og:type\" content=\"article\" \/>\n<meta property=\"og:title\" content=\"Rozpis t\u011blocvi\u010dny\" \/>\n<meta property=\"og:description\" content=\"Poskytujeme kvalitn\u00ed vzd\u011bl\u00e1v\u00e1n\u00ed d\u011btem v p\u0159\u00e1telsk\u00e9 atmosf\u00e9\u0159e, kde se st\u0159et\u00e1v\u00e1 sv\u011bt tradic a mor\u00e1ln\u00edch hodnot se sv\u011btem nov\u00fdch znalost\u00ed i modern\u00edch technologi\u00ed.\" \/>\n<meta property=\"og:url\" content=\"https:\/\/skolkagorkehokm.cz\/en\/pronajem\/\" \/>\n<meta property=\"og:site_name\" content=\"M\u0160 Krom\u011b\u0159\u00ed\u017e, Gork\u00e9ho\" \/>\n<meta property=\"article:modified_time\" content=\"2024-01-10T22:47:45+00:00\" \/>\n<meta property=\"og:image\" content=\"https:\/\/skolkagorkehokm.cz\/wp-content\/uploads\/2023\/12\/MS-Gorkeho-vyssi-kvalita-scaled-1-e1703204635263.jpg\" \/>\n\t<meta property=\"og:image:width\" content=\"1200\" \/>\n\t<meta property=\"og:image:height\" content=\"722\" \/>\n\t<meta property=\"og:image:type\" content=\"image\/jpeg\" \/>\n<meta name=\"twitter:card\" content=\"summary_large_image\" \/>\n<meta name=\"twitter:label1\" content=\"Estimated reading time\" \/>\n\t<meta name=\"twitter:data1\" content=\"1 minute\" \/>\n<script type=\"application\/ld+json\" class=\"yoast-schema-graph\">{\"@context\":\"https:\\\/\\\/schema.org\",\"@graph\":[{\"@type\":\"WebPage\",\"@id\":\"https:\\\/\\\/skolkagorkehokm.cz\\\/pronajem\\\/\",\"url\":\"https:\\\/\\\/skolkagorkehokm.cz\\\/pronajem\\\/\",\"name\":\"Rozpis t\u011blocvi\u010dny - M\u0160 Krom\u011b\u0159\u00ed\u017e, Gork\u00e9ho\",\"isPartOf\":{\"@id\":\"https:\\\/\\\/skolkagorkehokm.cz\\\/#website\"},\"datePublished\":\"2023-12-18T23:02:42+00:00\",\"dateModified\":\"2024-01-10T22:47:45+00:00\",\"description\":\"Poskytujeme kvalitn\u00ed vzd\u011bl\u00e1v\u00e1n\u00ed d\u011btem v p\u0159\u00e1telsk\u00e9 atmosf\u00e9\u0159e, kde se st\u0159et\u00e1v\u00e1 sv\u011bt tradic a mor\u00e1ln\u00edch hodnot se sv\u011btem nov\u00fdch znalost\u00ed i modern\u00edch technologi\u00ed.\",\"breadcrumb\":{\"@id\":\"https:\\\/\\\/skolkagorkehokm.cz\\\/pronajem\\\/#breadcrumb\"},\"inLanguage\":\"en-GB\",\"potentialAction\":[{\"@type\":\"ReadAction\",\"target\":[\"https:\\\/\\\/skolkagorkehokm.cz\\\/pronajem\\\/\"]}]},{\"@type\":\"BreadcrumbList\",\"@id\":\"https:\\\/\\\/skolkagorkehokm.cz\\\/pronajem\\\/#breadcrumb\",\"itemListElement\":[{\"@type\":\"ListItem\",\"position\":1,\"name\":\"Dom\u016f\",\"item\":\"https:\\\/\\\/skolkagorkehokm.cz\\\/\"},{\"@type\":\"ListItem\",\"position\":2,\"name\":\"Rozpis t\u011blocvi\u010dny\"}]},{\"@type\":\"WebSite\",\"@id\":\"https:\\\/\\\/skolkagorkehokm.cz\\\/#website\",\"url\":\"https:\\\/\\\/skolkagorkehokm.cz\\\/\",\"name\":\"M\u0160 Krom\u011b\u0159\u00ed\u017e, Gork\u00e9ho\",\"description\":\"Poskytujeme kvalitn\u00ed vzd\u011bl\u00e1v\u00e1n\u00ed d\u011btem v p\u0159\u00e1telsk\u00e9 atmosf\u00e9\u0159e, kde se st\u0159et\u00e1v\u00e1 sv\u011bt tradic a mor\u00e1ln\u00edch hodnot se sv\u011btem nov\u00fdch znalost\u00ed i modern\u00edch technologi\u00ed.\",\"publisher\":{\"@id\":\"https:\\\/\\\/skolkagorkehokm.cz\\\/#organization\"},\"alternateName\":\"M\u0160 Krom\u011b\u0159\u00ed\u017e, Gork\u00e9ho 2566, p\u0159\u00edsp\u011bvkov\u00e1 organizace\",\"potentialAction\":[{\"@type\":\"SearchAction\",\"target\":{\"@type\":\"EntryPoint\",\"urlTemplate\":\"https:\\\/\\\/skolkagorkehokm.cz\\\/?s={search_term_string}\"},\"query-input\":{\"@type\":\"PropertyValueSpecification\",\"valueRequired\":true,\"valueName\":\"search_term_string\"}}],\"inLanguage\":\"en-GB\"},{\"@type\":\"Organization\",\"@id\":\"https:\\\/\\\/skolkagorkehokm.cz\\\/#organization\",\"name\":\"M\u0160 Krom\u011b\u0159\u00ed\u017e, Gork\u00e9ho 2566, p\u0159\u00edsp\u011bvkov\u00e1 organizace\",\"url\":\"https:\\\/\\\/skolkagorkehokm.cz\\\/\",\"logo\":{\"@type\":\"ImageObject\",\"inLanguage\":\"en-GB\",\"@id\":\"https:\\\/\\\/skolkagorkehokm.cz\\\/#\\\/schema\\\/logo\\\/image\\\/\",\"url\":\"http:\\\/\\\/skolkagorkehokm.cz\\\/wp-content\\\/uploads\\\/2023\\\/12\\\/MS-Gorkeho-vyssi-kvalita-scaled.jpg\",\"contentUrl\":\"http:\\\/\\\/skolkagorkehokm.cz\\\/wp-content\\\/uploads\\\/2023\\\/12\\\/MS-Gorkeho-vyssi-kvalita-scaled.jpg\",\"width\":2560,\"height\":1541,\"caption\":\"M\u0160 Krom\u011b\u0159\u00ed\u017e, Gork\u00e9ho 2566, p\u0159\u00edsp\u011bvkov\u00e1 organizace\"},\"image\":{\"@id\":\"https:\\\/\\\/skolkagorkehokm.cz\\\/#\\\/schema\\\/logo\\\/image\\\/\"}}]}<\/script>\n<!-- \/ Yoast SEO Premium plugin. -->","yoast_head_json":{"title":"Rozpis t\u011blocvi\u010dny - M\u0160 Krom\u011b\u0159\u00ed\u017e, Gork\u00e9ho","description":"Poskytujeme kvalitn\u00ed vzd\u011bl\u00e1v\u00e1n\u00ed d\u011btem v p\u0159\u00e1telsk\u00e9 atmosf\u00e9\u0159e, kde se st\u0159et\u00e1v\u00e1 sv\u011bt tradic a mor\u00e1ln\u00edch hodnot se sv\u011btem nov\u00fdch znalost\u00ed i modern\u00edch technologi\u00ed.","robots":{"index":"index","follow":"follow","max-snippet":"max-snippet:-1","max-image-preview":"max-image-preview:large","max-video-preview":"max-video-preview:-1"},"canonical":"https:\/\/skolkagorkehokm.cz\/en\/pronajem\/","og_locale":"en_GB","og_type":"article","og_title":"Rozpis t\u011blocvi\u010dny","og_description":"Poskytujeme kvalitn\u00ed vzd\u011bl\u00e1v\u00e1n\u00ed d\u011btem v p\u0159\u00e1telsk\u00e9 atmosf\u00e9\u0159e, kde se st\u0159et\u00e1v\u00e1 sv\u011bt tradic a mor\u00e1ln\u00edch hodnot se sv\u011btem nov\u00fdch znalost\u00ed i modern\u00edch technologi\u00ed.","og_url":"https:\/\/skolkagorkehokm.cz\/en\/pronajem\/","og_site_name":"M\u0160 Krom\u011b\u0159\u00ed\u017e, Gork\u00e9ho","article_modified_time":"2024-01-10T22:47:45+00:00","og_image":[{"width":1200,"height":722,"url":"https:\/\/skolkagorkehokm.cz\/wp-content\/uploads\/2023\/12\/MS-Gorkeho-vyssi-kvalita-scaled-1-e1703204635263.jpg","type":"image\/jpeg"}],"twitter_card":"summary_large_image","twitter_misc":{"Estimated reading time":"1 minute"},"schema":{"@context":"https:\/\/schema.org","@graph":[{"@type":"WebPage","@id":"https:\/\/skolkagorkehokm.cz\/pronajem\/","url":"https:\/\/skolkagorkehokm.cz\/pronajem\/","name":"Rozpis t\u011blocvi\u010dny - M\u0160 Krom\u011b\u0159\u00ed\u017e, Gork\u00e9ho","isPartOf":{"@id":"https:\/\/skolkagorkehokm.cz\/#website"},"datePublished":"2023-12-18T23:02:42+00:00","dateModified":"2024-01-10T22:47:45+00:00","description":"Poskytujeme kvalitn\u00ed vzd\u011bl\u00e1v\u00e1n\u00ed d\u011btem v p\u0159\u00e1telsk\u00e9 atmosf\u00e9\u0159e, kde se st\u0159et\u00e1v\u00e1 sv\u011bt tradic a mor\u00e1ln\u00edch hodnot se sv\u011btem nov\u00fdch znalost\u00ed i modern\u00edch technologi\u00ed.","breadcrumb":{"@id":"https:\/\/skolkagorkehokm.cz\/pronajem\/#breadcrumb"},"inLanguage":"en-GB","potentialAction":[{"@type":"ReadAction","target":["https:\/\/skolkagorkehokm.cz\/pronajem\/"]}]},{"@type":"BreadcrumbList","@id":"https:\/\/skolkagorkehokm.cz\/pronajem\/#breadcrumb","itemListElement":[{"@type":"ListItem","position":1,"name":"Dom\u016f","item":"https:\/\/skolkagorkehokm.cz\/"},{"@type":"ListItem","position":2,"name":"Rozpis t\u011blocvi\u010dny"}]},{"@type":"WebSite","@id":"https:\/\/skolkagorkehokm.cz\/#website","url":"https:\/\/skolkagorkehokm.cz\/","name":"M\u0160 Krom\u011b\u0159\u00ed\u017e, Gork\u00e9ho","description":"Poskytujeme kvalitn\u00ed vzd\u011bl\u00e1v\u00e1n\u00ed d\u011btem v p\u0159\u00e1telsk\u00e9 atmosf\u00e9\u0159e, kde se st\u0159et\u00e1v\u00e1 sv\u011bt tradic a mor\u00e1ln\u00edch hodnot se sv\u011btem nov\u00fdch znalost\u00ed i modern\u00edch technologi\u00ed.","publisher":{"@id":"https:\/\/skolkagorkehokm.cz\/#organization"},"alternateName":"M\u0160 Krom\u011b\u0159\u00ed\u017e, Gork\u00e9ho 2566, p\u0159\u00edsp\u011bvkov\u00e1 organizace","potentialAction":[{"@type":"SearchAction","target":{"@type":"EntryPoint","urlTemplate":"https:\/\/skolkagorkehokm.cz\/?s={search_term_string}"},"query-input":{"@type":"PropertyValueSpecification","valueRequired":true,"valueName":"search_term_string"}}],"inLanguage":"en-GB"},{"@type":"Organization","@id":"https:\/\/skolkagorkehokm.cz\/#organization","name":"M\u0160 Krom\u011b\u0159\u00ed\u017e, Gork\u00e9ho 2566, p\u0159\u00edsp\u011bvkov\u00e1 organizace","url":"https:\/\/skolkagorkehokm.cz\/","logo":{"@type":"ImageObject","inLanguage":"en-GB","@id":"https:\/\/skolkagorkehokm.cz\/#\/schema\/logo\/image\/","url":"https:\/\/skolkagorkehokm.cz\/wp-content\/uploads\/2023\/12\/MS-Gorkeho-vyssi-kvalita-scaled.jpg","contentUrl":"https:\/\/skolkagorkehokm.cz\/wp-content\/uploads\/2023\/12\/MS-Gorkeho-vyssi-kvalita-scaled.jpg","width":2560,"height":1541,"caption":"M\u0160 Krom\u011b\u0159\u00ed\u017e, Gork\u00e9ho 2566, p\u0159\u00edsp\u011bvkov\u00e1 organizace"},"image":{"@id":"https:\/\/skolkagorkehokm.cz\/#\/schema\/logo\/image\/"}}]}},"_links":{"self":[{"href":"https:\/\/skolkagorkehokm.cz\/en\/wp-json\/wp\/v2\/pages\/4270","targetHints":{"allow":["GET"]}}],"collection":[{"href":"https:\/\/skolkagorkehokm.cz\/en\/wp-json\/wp\/v2\/pages"}],"about":[{"href":"https:\/\/skolkagorkehokm.cz\/en\/wp-json\/wp\/v2\/types\/page"}],"author":[{"embeddable":true,"href":"https:\/\/skolkagorkehokm.cz\/en\/wp-json\/wp\/v2\/users\/1"}],"replies":[{"embeddable":true,"href":"https:\/\/skolkagorkehokm.cz\/en\/wp-json\/wp\/v2\/comments?post=4270"}],"version-history":[{"count":56,"href":"https:\/\/skolkagorkehokm.cz\/en\/wp-json\/wp\/v2\/pages\/4270\/revisions"}],"predecessor-version":[{"id":5204,"href":"https:\/\/skolkagorkehokm.cz\/en\/wp-json\/wp\/v2\/pages\/4270\/revisions\/5204"}],"wp:attachment":[{"href":"https:\/\/skolkagorkehokm.cz\/en\/wp-json\/wp\/v2\/media?parent=4270"}],"curies":[{"name":"wp","href":"https:\/\/api.w.org\/{rel}","templated":true}]}}