{"id":4037,"date":"2023-12-12T23:03:46","date_gmt":"2023-12-12T23:03:46","guid":{"rendered":"https:\/\/skolkagorkehokm.cz\/?page_id=4037"},"modified":"2023-12-23T23:35:05","modified_gmt":"2023-12-23T23:35:05","slug":"provoz-ms","status":"publish","type":"page","link":"https:\/\/skolkagorkehokm.cz\/en\/provoz-ms\/","title":{"rendered":"Provoz M\u0160"},"content":{"rendered":"<div data-elementor-type=\"wp-post\" data-elementor-id=\"4037\" class=\"elementor elementor-4037\" data-elementor-post-type=\"page\">\n\t\t\t\t\t\t<section class=\"elementor-section elementor-top-section elementor-element elementor-element-01e199b elementor-section-boxed elementor-section-height-default elementor-section-height-default\" data-id=\"01e199b\" data-element_type=\"section\" data-settings=\"{&quot;background_background&quot;:&quot;classic&quot;}\">\n\t\t\t\t\t\t<div class=\"elementor-container elementor-column-gap-default\">\n\t\t\t\t\t<div class=\"elementor-column elementor-col-100 elementor-top-column elementor-element elementor-element-f342a48\" data-id=\"f342a48\" data-element_type=\"column\">\n\t\t\t<div class=\"elementor-widget-wrap elementor-element-populated\">\n\t\t\t\t\t\t<div class=\"elementor-element elementor-element-10dd029 elementor-widget elementor-widget-spacer\" data-id=\"10dd029\" data-element_type=\"widget\" data-widget_type=\"spacer.default\">\n\t\t\t\t<div class=\"elementor-widget-container\">\n\t\t\t\t\t<div class=\"elementor-spacer\">\n\t\t\t<div class=\"elementor-spacer-inner\"><\/div>\n\t\t<\/div>\n\t\t\t\t<\/div>\n\t\t\t\t<\/div>\n\t\t\t\t<div class=\"elementor-element elementor-element-32ae5c8 dbl-1st-block elementor-widget elementor-widget-wgl-double-headings\" data-id=\"32ae5c8\" data-element_type=\"widget\" data-widget_type=\"wgl-double-headings.default\">\n\t\t\t\t<div class=\"elementor-widget-container\">\n\t\t\t<div class=\"wgl-double_heading\"><h3 class=\"dbl-titles_wrapper\"><span class=\"dbl-title__wrap title-1__wrap\"><span class=\"dbl-title__1\">Provoz a re\u017eim dne mate\u0159sk\u00e9 \u0161koly<\/span><\/span><\/h3>        <\/div>\t\t<\/div>\n\t\t\t\t<\/div>\n\t\t\t\t<div class=\"elementor-element elementor-element-5426ee1 elementor-widget elementor-widget-text-editor\" data-id=\"5426ee1\" data-element_type=\"widget\" data-widget_type=\"text-editor.default\">\n\t\t\t\t<div class=\"elementor-widget-container\">\n\t\t\t\t\t\t\t<h6 style=\"text-align: center;\">\u201eJsme \u0161kola poskytuj\u00edc\u00ed kvalitn\u00ed vzd\u011bl\u00e1v\u00e1n\u00ed d\u011btem v p\u0159\u00e1telsk\u00e9 atmosf\u00e9\u0159e, kde se st\u0159et\u00e1v\u00e1 sv\u011bt tradic a mor\u00e1ln\u00edch hodnot se sv\u011btem nov\u00fdch znalost\u00ed i modern\u00edch technologi\u00ed.\u201c<\/h6><p style=\"font-size: 18px; line-height: 32px; margin-bottom: 0px; text-align: center;\">\u00a0<\/p>\t\t\t\t\t\t<\/div>\n\t\t\t\t<\/div>\n\t\t\t\t<div class=\"elementor-element elementor-element-bc753a2 elementor-widget elementor-widget-text-editor\" data-id=\"bc753a2\" data-element_type=\"widget\" data-widget_type=\"text-editor.default\">\n\t\t\t\t<div class=\"elementor-widget-container\">\n\t\t\t\t\t\t\t<h5>PROVOZ MATE\u0158SK\u00c9 \u0160KOLY GORK\u00c9HO<\/h5>\t\t\t\t\t\t<\/div>\n\t\t\t\t<\/div>\n\t\t\t\t<div class=\"elementor-element elementor-element-f25d836 elementor-widget elementor-widget-text-editor\" data-id=\"f25d836\" data-element_type=\"widget\" data-widget_type=\"text-editor.default\">\n\t\t\t\t<div class=\"elementor-widget-container\">\n\t\t\t\t\t\t\t<p style=\"font-size: 18px; line-height: 32px; margin-bottom: 0px; text-align: justify;\">Mate\u0159sk\u00e1 \u0161kola je z\u0159\u00edzena jako \u0161kola s celodenn\u00edm provozem s ur\u010denou dobou pobytu pro d\u011bti od 6:15 do 16:15 hodin. Rodi\u010de jsou povinni d\u00edt\u011b vyzvednout a opustit budovu i are\u00e1l mate\u0159sk\u00e9 \u0161koly do 16:15 hodin, pak je cel\u00fd are\u00e1l uzam\u010den. <br \/><br \/><strong>P\u0159\u00edchod d\u011bt\u00ed do M\u0160 nejl\u00e9pe do 8.00 hod.<\/strong><\/p>\t\t\t\t\t\t<\/div>\n\t\t\t\t<\/div>\n\t\t\t\t<div class=\"elementor-element elementor-element-f5072e0 elementor-widget elementor-widget-text-editor\" data-id=\"f5072e0\" data-element_type=\"widget\" data-widget_type=\"text-editor.default\">\n\t\t\t\t<div class=\"elementor-widget-container\">\n\t\t\t\t\t\t\t<h5>RE\u017dIM DNE<\/h5>\t\t\t\t\t\t<\/div>\n\t\t\t\t<\/div>\n\t\t\t\t<div class=\"elementor-element elementor-element-37b509b elementor-widget elementor-widget-text-editor\" data-id=\"37b509b\" data-element_type=\"widget\" data-widget_type=\"text-editor.default\">\n\t\t\t\t<div class=\"elementor-widget-container\">\n\t\t\t\t\t\t\t<p>\n<table id=\"tablepress-1\" class=\"tablepress tablepress-id-1\">\n<thead>\n<tr class=\"row-1\">\n\t<th class=\"column-1\">Harmonogram<\/th><th class=\"column-2\">Pl\u00e1n \u010dinnost\u00ed<\/th>\n<\/tr>\n<\/thead>\n<tbody class=\"row-striping row-hover\">\n<tr class=\"row-2\">\n\t<td class=\"column-1\"><strong>6.15 \u2013 9.45<\/strong><\/td><td class=\"column-2\">spont\u00e1nn\u00ed hry a \u010dinnosti d\u011bt\u00ed,<br \/>\n\u010d\u00e1ste\u010dn\u011b \u0159\u00edzen\u00e1 \u010dinnost,<br \/>\np\u0159iv\u00edt\u00e1n\u00ed dne, rann\u00ed nebo komunitn\u00ed kruh, pohybov\u00e1 aktivita,<br \/>\ndidakticky zac\u00edlen\u00e1 \u010dinnost, dokon\u010den\u00ed \u010dinnosti,<br \/>\np\u0159ed\u00e1n\u00ed pro\u017eitk\u016f dopoledn\u00edch \u010dinnost\u00ed,<\/td>\n<\/tr>\n<tr class=\"row-3\">\n\t<td class=\"column-1\"><strong>8.30 \u2013 9.15<\/strong><\/td><td class=\"column-2\">sva\u010dina,<\/td>\n<\/tr>\n<tr class=\"row-4\">\n\t<td class=\"column-1\"><strong>9.45 \u2013 11.30<\/strong><\/td><td class=\"column-2\">venkovn\u00ed aktivity a hry,<\/td>\n<\/tr>\n<tr class=\"row-5\">\n\t<td class=\"column-1\"><strong>11.30<\/strong><\/td><td class=\"column-2\">ob\u011bd, p\u0159\u00edprava na odpo\u010dinek,<\/td>\n<\/tr>\n<tr class=\"row-6\">\n\t<td class=\"column-1\"><strong>12.15<\/strong><\/td><td class=\"column-2\">odpoledn\u00ed odpo\u010dinek,<\/td>\n<\/tr>\n<tr class=\"row-7\">\n\t<td class=\"column-1\"><strong>13.15<\/strong><\/td><td class=\"column-2\">aktivity nesp\u00edc\u00edch d\u011bt\u00ed, n\u00e1hradn\u00ed klidov\u00e9 \u010dinnosti pro d\u011bti s\u00a0ni\u017e\u0161\u00ed pot\u0159ebou sp\u00e1nku,<\/td>\n<\/tr>\n<tr class=\"row-8\">\n\t<td class=\"column-1\"><strong>14.15<strong><\/td><td class=\"column-2\">odpoledn\u00ed sva\u010dina, spont\u00e1nn\u00ed aktivity, mo\u017enost pokra\u010dovat v\u00a0zapo\u010dat\u00fdch \u010dinnostech dne, pobyt venku dle po\u010das\u00ed,<\/td>\n<\/tr>\n<tr class=\"row-9\">\n\t<td class=\"column-1\"><strong>16.15<\/strong><\/td><td class=\"column-2\">uzav\u0159en\u00ed M\u0160.<\/td>\n<\/tr>\n<\/tbody>\n<\/table>\n<!-- #tablepress-1 from cache --><\/p>\t\t\t\t\t\t<\/div>\n\t\t\t\t<\/div>\n\t\t\t\t<div class=\"elementor-element elementor-element-17dc8c6 elementor-widget elementor-widget-text-editor\" data-id=\"17dc8c6\" data-element_type=\"widget\" data-widget_type=\"text-editor.default\">\n\t\t\t\t<div class=\"elementor-widget-container\">\n\t\t\t\t\t\t\t<p style=\"font-size: 18px; line-height: 32px; margin-bottom: 0px; text-align: justify;\">Uspo\u0159\u00e1d\u00e1n\u00ed dne je variabiln\u00ed, nen\u00ed z\u00e1vazn\u00e9. M\u011bn\u00ed se dle pot\u0159eb, nahodil\u00fdch situac\u00ed, mo\u017enost\u00ed a podm\u00ednek mate\u0159sk\u00e9 \u0161koly, v\u017edy po dohod\u011b s \u0159editelkou \u0161koly. Je v\u0161ak nutno dodr\u017eovat psychohygienick\u00e9 normy. Z\u00e1m\u011brem \u0161koly je p\u0159edev\u0161\u00edm vych\u00e1zet rodi\u010d\u016fm vst\u0159\u00edc p\u0159i pot\u0159eb\u011b individu\u00e1ln\u00ed doch\u00e1zky d\u011bt\u00ed.<\/p>\t\t\t\t\t\t<\/div>\n\t\t\t\t<\/div>\n\t\t\t\t\t<\/div>\n\t\t<\/div>\n\t\t\t\t\t<\/div>\n\t\t<\/section>\n\t\t\t\t<\/div>","protected":false},"excerpt":{"rendered":"<p>Provoz a re\u017eim dne mate\u0159sk\u00e9 \u0161koly \u201eJsme \u0161kola poskytuj\u00edc\u00ed kvalitn\u00ed vzd\u011bl\u00e1v\u00e1n\u00ed d\u011btem v p\u0159\u00e1telsk\u00e9 atmosf\u00e9\u0159e, kde se st\u0159et\u00e1v\u00e1 sv\u011bt tradic a mor\u00e1ln\u00edch hodnot se sv\u011btem nov\u00fdch znalost\u00ed i modern\u00edch technologi\u00ed.\u201c \u00a0 PROVOZ MATE\u0158SK\u00c9 \u0160KOLY GORK\u00c9HO Mate\u0159sk\u00e1 \u0161kola je z\u0159\u00edzena jako \u0161kola s celodenn\u00edm provozem s ur\u010denou dobou pobytu pro d\u011bti od 6:15 do 16:15 hodin. [&hellip;]<\/p>\n","protected":false},"author":1,"featured_media":0,"parent":0,"menu_order":0,"comment_status":"closed","ping_status":"closed","template":"","meta":{"footnotes":"","_links_to":"","_links_to_target":""},"class_list":["post-4037","page","type-page","status-publish","hentry"],"yoast_head":"<!-- This site is optimized with the Yoast SEO Premium plugin v20.11 (Yoast SEO v27.4) - https:\/\/yoast.com\/product\/yoast-seo-premium-wordpress\/ -->\n<title>Provoz M\u0160 - M\u0160 Krom\u011b\u0159\u00ed\u017e, Gork\u00e9ho<\/title>\n<meta name=\"description\" content=\"Poskytujeme kvalitn\u00ed vzd\u011bl\u00e1v\u00e1n\u00ed d\u011btem v p\u0159\u00e1telsk\u00e9 atmosf\u00e9\u0159e, kde se st\u0159et\u00e1v\u00e1 sv\u011bt tradic a mor\u00e1ln\u00edch hodnot se sv\u011btem nov\u00fdch znalost\u00ed i modern\u00edch technologi\u00ed.\" \/>\n<meta name=\"robots\" content=\"index, follow, max-snippet:-1, max-image-preview:large, max-video-preview:-1\" \/>\n<link rel=\"canonical\" href=\"https:\/\/skolkagorkehokm.cz\/en\/provoz-ms\/\" \/>\n<meta property=\"og:locale\" content=\"en_GB\" \/>\n<meta property=\"og:type\" content=\"article\" \/>\n<meta property=\"og:title\" content=\"Provoz M\u0160\" \/>\n<meta property=\"og:description\" content=\"Poskytujeme kvalitn\u00ed vzd\u011bl\u00e1v\u00e1n\u00ed d\u011btem v p\u0159\u00e1telsk\u00e9 atmosf\u00e9\u0159e, kde se st\u0159et\u00e1v\u00e1 sv\u011bt tradic a mor\u00e1ln\u00edch hodnot se sv\u011btem nov\u00fdch znalost\u00ed i modern\u00edch technologi\u00ed.\" \/>\n<meta property=\"og:url\" content=\"https:\/\/skolkagorkehokm.cz\/en\/provoz-ms\/\" \/>\n<meta property=\"og:site_name\" content=\"M\u0160 Krom\u011b\u0159\u00ed\u017e, Gork\u00e9ho\" \/>\n<meta property=\"article:modified_time\" content=\"2023-12-23T23:35:05+00:00\" \/>\n<meta property=\"og:image\" content=\"https:\/\/skolkagorkehokm.cz\/wp-content\/uploads\/2023\/12\/MS-Gorkeho-vyssi-kvalita-scaled-1-e1703204635263.jpg\" \/>\n\t<meta property=\"og:image:width\" content=\"1200\" \/>\n\t<meta property=\"og:image:height\" content=\"722\" \/>\n\t<meta property=\"og:image:type\" content=\"image\/jpeg\" \/>\n<meta name=\"twitter:card\" content=\"summary_large_image\" \/>\n<meta name=\"twitter:label1\" content=\"Estimated reading time\" \/>\n\t<meta name=\"twitter:data1\" content=\"2 minutes\" \/>\n<script type=\"application\/ld+json\" class=\"yoast-schema-graph\">{\"@context\":\"https:\\\/\\\/schema.org\",\"@graph\":[{\"@type\":\"WebPage\",\"@id\":\"https:\\\/\\\/skolkagorkehokm.cz\\\/provoz-ms\\\/\",\"url\":\"https:\\\/\\\/skolkagorkehokm.cz\\\/provoz-ms\\\/\",\"name\":\"Provoz M\u0160 - M\u0160 Krom\u011b\u0159\u00ed\u017e, Gork\u00e9ho\",\"isPartOf\":{\"@id\":\"https:\\\/\\\/skolkagorkehokm.cz\\\/#website\"},\"datePublished\":\"2023-12-12T23:03:46+00:00\",\"dateModified\":\"2023-12-23T23:35:05+00:00\",\"description\":\"Poskytujeme kvalitn\u00ed vzd\u011bl\u00e1v\u00e1n\u00ed d\u011btem v p\u0159\u00e1telsk\u00e9 atmosf\u00e9\u0159e, kde se st\u0159et\u00e1v\u00e1 sv\u011bt tradic a mor\u00e1ln\u00edch hodnot se sv\u011btem nov\u00fdch znalost\u00ed i modern\u00edch technologi\u00ed.\",\"breadcrumb\":{\"@id\":\"https:\\\/\\\/skolkagorkehokm.cz\\\/provoz-ms\\\/#breadcrumb\"},\"inLanguage\":\"en-GB\",\"potentialAction\":[{\"@type\":\"ReadAction\",\"target\":[\"https:\\\/\\\/skolkagorkehokm.cz\\\/provoz-ms\\\/\"]}]},{\"@type\":\"BreadcrumbList\",\"@id\":\"https:\\\/\\\/skolkagorkehokm.cz\\\/provoz-ms\\\/#breadcrumb\",\"itemListElement\":[{\"@type\":\"ListItem\",\"position\":1,\"name\":\"Dom\u016f\",\"item\":\"https:\\\/\\\/skolkagorkehokm.cz\\\/\"},{\"@type\":\"ListItem\",\"position\":2,\"name\":\"Provoz M\u0160\"}]},{\"@type\":\"WebSite\",\"@id\":\"https:\\\/\\\/skolkagorkehokm.cz\\\/#website\",\"url\":\"https:\\\/\\\/skolkagorkehokm.cz\\\/\",\"name\":\"M\u0160 Krom\u011b\u0159\u00ed\u017e, Gork\u00e9ho\",\"description\":\"Poskytujeme kvalitn\u00ed vzd\u011bl\u00e1v\u00e1n\u00ed d\u011btem v p\u0159\u00e1telsk\u00e9 atmosf\u00e9\u0159e, kde se st\u0159et\u00e1v\u00e1 sv\u011bt tradic a mor\u00e1ln\u00edch hodnot se sv\u011btem nov\u00fdch znalost\u00ed i modern\u00edch technologi\u00ed.\",\"publisher\":{\"@id\":\"https:\\\/\\\/skolkagorkehokm.cz\\\/#organization\"},\"alternateName\":\"M\u0160 Krom\u011b\u0159\u00ed\u017e, Gork\u00e9ho 2566, p\u0159\u00edsp\u011bvkov\u00e1 organizace\",\"potentialAction\":[{\"@type\":\"SearchAction\",\"target\":{\"@type\":\"EntryPoint\",\"urlTemplate\":\"https:\\\/\\\/skolkagorkehokm.cz\\\/?s={search_term_string}\"},\"query-input\":{\"@type\":\"PropertyValueSpecification\",\"valueRequired\":true,\"valueName\":\"search_term_string\"}}],\"inLanguage\":\"en-GB\"},{\"@type\":\"Organization\",\"@id\":\"https:\\\/\\\/skolkagorkehokm.cz\\\/#organization\",\"name\":\"M\u0160 Krom\u011b\u0159\u00ed\u017e, Gork\u00e9ho 2566, p\u0159\u00edsp\u011bvkov\u00e1 organizace\",\"url\":\"https:\\\/\\\/skolkagorkehokm.cz\\\/\",\"logo\":{\"@type\":\"ImageObject\",\"inLanguage\":\"en-GB\",\"@id\":\"https:\\\/\\\/skolkagorkehokm.cz\\\/#\\\/schema\\\/logo\\\/image\\\/\",\"url\":\"http:\\\/\\\/skolkagorkehokm.cz\\\/wp-content\\\/uploads\\\/2023\\\/12\\\/MS-Gorkeho-vyssi-kvalita-scaled.jpg\",\"contentUrl\":\"http:\\\/\\\/skolkagorkehokm.cz\\\/wp-content\\\/uploads\\\/2023\\\/12\\\/MS-Gorkeho-vyssi-kvalita-scaled.jpg\",\"width\":2560,\"height\":1541,\"caption\":\"M\u0160 Krom\u011b\u0159\u00ed\u017e, Gork\u00e9ho 2566, p\u0159\u00edsp\u011bvkov\u00e1 organizace\"},\"image\":{\"@id\":\"https:\\\/\\\/skolkagorkehokm.cz\\\/#\\\/schema\\\/logo\\\/image\\\/\"}}]}<\/script>\n<!-- \/ Yoast SEO Premium plugin. -->","yoast_head_json":{"title":"Provoz M\u0160 - M\u0160 Krom\u011b\u0159\u00ed\u017e, Gork\u00e9ho","description":"Poskytujeme kvalitn\u00ed vzd\u011bl\u00e1v\u00e1n\u00ed d\u011btem v p\u0159\u00e1telsk\u00e9 atmosf\u00e9\u0159e, kde se st\u0159et\u00e1v\u00e1 sv\u011bt tradic a mor\u00e1ln\u00edch hodnot se sv\u011btem nov\u00fdch znalost\u00ed i modern\u00edch technologi\u00ed.","robots":{"index":"index","follow":"follow","max-snippet":"max-snippet:-1","max-image-preview":"max-image-preview:large","max-video-preview":"max-video-preview:-1"},"canonical":"https:\/\/skolkagorkehokm.cz\/en\/provoz-ms\/","og_locale":"en_GB","og_type":"article","og_title":"Provoz M\u0160","og_description":"Poskytujeme kvalitn\u00ed vzd\u011bl\u00e1v\u00e1n\u00ed d\u011btem v p\u0159\u00e1telsk\u00e9 atmosf\u00e9\u0159e, kde se st\u0159et\u00e1v\u00e1 sv\u011bt tradic a mor\u00e1ln\u00edch hodnot se sv\u011btem nov\u00fdch znalost\u00ed i modern\u00edch technologi\u00ed.","og_url":"https:\/\/skolkagorkehokm.cz\/en\/provoz-ms\/","og_site_name":"M\u0160 Krom\u011b\u0159\u00ed\u017e, Gork\u00e9ho","article_modified_time":"2023-12-23T23:35:05+00:00","og_image":[{"width":1200,"height":722,"url":"https:\/\/skolkagorkehokm.cz\/wp-content\/uploads\/2023\/12\/MS-Gorkeho-vyssi-kvalita-scaled-1-e1703204635263.jpg","type":"image\/jpeg"}],"twitter_card":"summary_large_image","twitter_misc":{"Estimated reading time":"2 minutes"},"schema":{"@context":"https:\/\/schema.org","@graph":[{"@type":"WebPage","@id":"https:\/\/skolkagorkehokm.cz\/provoz-ms\/","url":"https:\/\/skolkagorkehokm.cz\/provoz-ms\/","name":"Provoz M\u0160 - M\u0160 Krom\u011b\u0159\u00ed\u017e, Gork\u00e9ho","isPartOf":{"@id":"https:\/\/skolkagorkehokm.cz\/#website"},"datePublished":"2023-12-12T23:03:46+00:00","dateModified":"2023-12-23T23:35:05+00:00","description":"Poskytujeme kvalitn\u00ed vzd\u011bl\u00e1v\u00e1n\u00ed d\u011btem v p\u0159\u00e1telsk\u00e9 atmosf\u00e9\u0159e, kde se st\u0159et\u00e1v\u00e1 sv\u011bt tradic a mor\u00e1ln\u00edch hodnot se sv\u011btem nov\u00fdch znalost\u00ed i modern\u00edch technologi\u00ed.","breadcrumb":{"@id":"https:\/\/skolkagorkehokm.cz\/provoz-ms\/#breadcrumb"},"inLanguage":"en-GB","potentialAction":[{"@type":"ReadAction","target":["https:\/\/skolkagorkehokm.cz\/provoz-ms\/"]}]},{"@type":"BreadcrumbList","@id":"https:\/\/skolkagorkehokm.cz\/provoz-ms\/#breadcrumb","itemListElement":[{"@type":"ListItem","position":1,"name":"Dom\u016f","item":"https:\/\/skolkagorkehokm.cz\/"},{"@type":"ListItem","position":2,"name":"Provoz M\u0160"}]},{"@type":"WebSite","@id":"https:\/\/skolkagorkehokm.cz\/#website","url":"https:\/\/skolkagorkehokm.cz\/","name":"M\u0160 Krom\u011b\u0159\u00ed\u017e, Gork\u00e9ho","description":"Poskytujeme kvalitn\u00ed vzd\u011bl\u00e1v\u00e1n\u00ed d\u011btem v p\u0159\u00e1telsk\u00e9 atmosf\u00e9\u0159e, kde se st\u0159et\u00e1v\u00e1 sv\u011bt tradic a mor\u00e1ln\u00edch hodnot se sv\u011btem nov\u00fdch znalost\u00ed i modern\u00edch technologi\u00ed.","publisher":{"@id":"https:\/\/skolkagorkehokm.cz\/#organization"},"alternateName":"M\u0160 Krom\u011b\u0159\u00ed\u017e, Gork\u00e9ho 2566, p\u0159\u00edsp\u011bvkov\u00e1 organizace","potentialAction":[{"@type":"SearchAction","target":{"@type":"EntryPoint","urlTemplate":"https:\/\/skolkagorkehokm.cz\/?s={search_term_string}"},"query-input":{"@type":"PropertyValueSpecification","valueRequired":true,"valueName":"search_term_string"}}],"inLanguage":"en-GB"},{"@type":"Organization","@id":"https:\/\/skolkagorkehokm.cz\/#organization","name":"M\u0160 Krom\u011b\u0159\u00ed\u017e, Gork\u00e9ho 2566, p\u0159\u00edsp\u011bvkov\u00e1 organizace","url":"https:\/\/skolkagorkehokm.cz\/","logo":{"@type":"ImageObject","inLanguage":"en-GB","@id":"https:\/\/skolkagorkehokm.cz\/#\/schema\/logo\/image\/","url":"https:\/\/skolkagorkehokm.cz\/wp-content\/uploads\/2023\/12\/MS-Gorkeho-vyssi-kvalita-scaled.jpg","contentUrl":"https:\/\/skolkagorkehokm.cz\/wp-content\/uploads\/2023\/12\/MS-Gorkeho-vyssi-kvalita-scaled.jpg","width":2560,"height":1541,"caption":"M\u0160 Krom\u011b\u0159\u00ed\u017e, Gork\u00e9ho 2566, p\u0159\u00edsp\u011bvkov\u00e1 organizace"},"image":{"@id":"https:\/\/skolkagorkehokm.cz\/#\/schema\/logo\/image\/"}}]}},"_links":{"self":[{"href":"https:\/\/skolkagorkehokm.cz\/en\/wp-json\/wp\/v2\/pages\/4037","targetHints":{"allow":["GET"]}}],"collection":[{"href":"https:\/\/skolkagorkehokm.cz\/en\/wp-json\/wp\/v2\/pages"}],"about":[{"href":"https:\/\/skolkagorkehokm.cz\/en\/wp-json\/wp\/v2\/types\/page"}],"author":[{"embeddable":true,"href":"https:\/\/skolkagorkehokm.cz\/en\/wp-json\/wp\/v2\/users\/1"}],"replies":[{"embeddable":true,"href":"https:\/\/skolkagorkehokm.cz\/en\/wp-json\/wp\/v2\/comments?post=4037"}],"version-history":[{"count":38,"href":"https:\/\/skolkagorkehokm.cz\/en\/wp-json\/wp\/v2\/pages\/4037\/revisions"}],"predecessor-version":[{"id":5047,"href":"https:\/\/skolkagorkehokm.cz\/en\/wp-json\/wp\/v2\/pages\/4037\/revisions\/5047"}],"wp:attachment":[{"href":"https:\/\/skolkagorkehokm.cz\/en\/wp-json\/wp\/v2\/media?parent=4037"}],"curies":[{"name":"wp","href":"https:\/\/api.w.org\/{rel}","templated":true}]}}